{"id":301,"date":"2013-02-06T12:57:13","date_gmt":"2013-02-06T12:57:13","guid":{"rendered":"http:\/\/hogash-demo.com\/kallyas_wp\/?page_id=301"},"modified":"2025-06-19T10:03:37","modified_gmt":"2025-06-19T13:03:37","slug":"homepage-6-2","status":"publish","type":"page","link":"https:\/\/plastiducto.com\/en\/","title":{"rendered":"Homepage 6"},"content":{"rendered":"\t\t<div data-elementor-type=\"wp-page\" data-elementor-id=\"301\" class=\"elementor elementor-301\" data-elementor-post-type=\"page\">\n\t\t\t\t<div class=\"elementor-element elementor-element-3a9042af e-flex e-con-boxed e-con e-parent\" data-id=\"3a9042af\" data-element_type=\"container\" data-e-type=\"container\">\n\t\t\t\t\t<div class=\"e-con-inner\">\n\t\t\t\t<div class=\"elementor-element elementor-element-17882449 elementor-widget elementor-widget-text-editor\" data-id=\"17882449\" data-element_type=\"widget\" data-e-type=\"widget\" data-widget_type=\"text-editor.default\">\n\t\t\t\t<div class=\"elementor-widget-container\">\n\t\t\t\t\t\t\t\t\t<p>\n\t\t\t<!-- START principal REVOLUTION SLIDER 6.5.5 --><p class=\"rs-p-wp-fix\"><\/p>\n\t\t\t<rs-module-wrap id=\"rev_slider_3_1_wrapper\" data-source=\"gallery\" data-aimg=\"\"  style=\"visibility:hidden;background:#E9E9E9;padding:0;margin:0px auto;margin-top:0;margin-bottom:0;\">\n\t\t\t\t<rs-module id=\"rev_slider_3_1\" style=\"\" data-version=\"6.5.5\">\n\t\t\t\t\t<rs-slides>\n\t\t\t\t\t\t<rs-slide style=\"position: absolute;\" data-key=\"rs-9\" data-title=\"Slide\" data-thumb=\"\/\/plastiducto.com\/wp-content\/uploads\/2013\/02\/Planta-100x50.jpg\" data-anim=\"ms:300;\" data-in=\"x:100%;\">\n\t\t\t\t\t\t\t<img decoding=\"async\" src=\"\/\/plastiducto.com\/wp-content\/plugins\/revslider\/public\/assets\/assets\/dummy.png\" title=\"Homepage 6\" class=\"rev-slidebg tp-rs-img rs-lazyload\" data-lazyload=\"\/\/plastiducto.com\/wp-content\/uploads\/2013\/02\/Planta.jpg\" data-no-retina>\n<!---->\t\t\t\t\t\t<\/rs-slide>\n\t\t\t\t\t\t<rs-slide style=\"position: absolute;\" data-key=\"rs-6\" data-title=\"Slide\" data-thumb=\"\/\/plastiducto.com\/wp-content\/uploads\/2015\/06\/Tubo-para-Draga-Villa-Soriano-5-100x50.png\" data-anim=\"ms:300;\" data-in=\"x:100%;\">\n\t\t\t\t\t\t\t<img decoding=\"async\" src=\"\/\/plastiducto.com\/wp-content\/plugins\/revslider\/public\/assets\/assets\/dummy.png\" title=\"Homepage 6\" class=\"rev-slidebg tp-rs-img rs-lazyload\" data-lazyload=\"\/\/plastiducto.com\/wp-content\/uploads\/2015\/06\/Tubo-para-Draga-Villa-Soriano-5.png\" data-bg=\"p:center top;\" data-no-retina>\n<!---->\t\t\t\t\t\t<\/rs-slide>\n\t\t\t\t\t\t<rs-slide style=\"position: absolute;\" data-key=\"rs-11\" data-title=\"Slide\" data-thumb=\"\/\/plastiducto.com\/wp-content\/uploads\/2013\/02\/Slider.jpg\" data-anim=\"ms:630;\" data-in=\"o:0;x:100%;\" data-out=\"a:false;\">\n\t\t\t\t\t\t\t<img fetchpriority=\"high\" fetchpriority=\"high\" decoding=\"async\" src=\"\/\/plastiducto.com\/wp-content\/plugins\/revslider\/public\/assets\/assets\/dummy.png\" alt=\"Slide\" width=\"2009\" height=\"1130\" class=\"rev-slidebg tp-rs-img rs-lazyload\" data-lazyload=\"\/\/plastiducto.com\/wp-content\/plugins\/revslider\/public\/assets\/assets\/transparent.png\" data-bg=\"p:center top;\" data-no-retina>\n<!--\n\t\t\t\t\t\t\t--><a\n\t\t\t\t\t\t\t\tid=\"slider-3-slide-11-layer-0\" \n\t\t\t\t\t\t\t\tclass=\"rs-layer\"\n\t\t\t\t\t\t\t\thref=\"\/producto\/pe-linea-2000-2\/\" target=\"_self\"\n\t\t\t\t\t\t\t\tdata-type=\"text\"\n\t\t\t\t\t\t\t\tdata-color=\"#ffffff\"\n\t\t\t\t\t\t\t\tdata-rsp_ch=\"on\"\n\t\t\t\t\t\t\t\tdata-xy=\"x:c;y:b;yo:40px;\"\n\t\t\t\t\t\t\t\tdata-text=\"w:normal;s:37;l:46;\"\n\t\t\t\t\t\t\t\tdata-padding=\"t:10;r:10;b:10;l:10;\"\n\t\t\t\t\t\t\t\tdata-border=\"bos:solid;boc:#f48000;bow:0,0,0,5px;\"\n\t\t\t\t\t\t\t\tdata-frame_1=\"st:320;sR:320;\"\n\t\t\t\t\t\t\t\tdata-frame_999=\"o:0;st:8900;sR:8280;\"\n\t\t\t\t\t\t\t\tstyle=\"z-index:9;background-color:#000000;font-family:'Roboto';\"\n\t\t\t\t\t\t\t>Nueva L\u00ednea de Producci\u00f3n 1000mm \n\t\t\t\t\t\t\t<\/a><!--\n\n\t\t\t\t\t\t\t--><a\n\t\t\t\t\t\t\t\tid=\"slider-3-slide-11-layer-3\" \n\t\t\t\t\t\t\t\tclass=\"rs-layer rev-btn\"\n\t\t\t\t\t\t\t\thref=\"\/producto\/pe-linea-2000-2\/\" target=\"_self\"\n\t\t\t\t\t\t\t\tdata-type=\"button\"\n\t\t\t\t\t\t\t\tdata-color=\"#ffffff\"\n\t\t\t\t\t\t\t\tdata-rsp_ch=\"on\"\n\t\t\t\t\t\t\t\tdata-xy=\"x:658px;y:511px;\"\n\t\t\t\t\t\t\t\tdata-text=\"w:normal;s:14;l:17;ls:1;\"\n\t\t\t\t\t\t\t\tdata-dim=\"w:57px;minh:0;\"\n\t\t\t\t\t\t\t\tdata-padding=\"t:10;r:29;b:10;l:29;\"\n\t\t\t\t\t\t\t\tdata-frame_1=\"x:131px;y:-1px;st:310;sR:310;\"\n\t\t\t\t\t\t\t\tdata-frame_999=\"o:0;st:8900;sR:8290;\"\n\t\t\t\t\t\t\t\tdata-frame_hover=\"c:#000;bgc:#fff;bor:0px,0px,0px,0px;sp:200;\"\n\t\t\t\t\t\t\t\tstyle=\"z-index:10;background-color:#f48000;font-family:'Roboto';text-transform:uppercase;\"\n\t\t\t\t\t\t\t><i class=\"fa-chevron-right\"><\/i> \n\t\t\t\t\t\t\t<\/a><!--\n\n\t\t\t\t\t\t\t--><rs-layer\n\t\t\t\t\t\t\t\tid=\"slider-3-slide-11-layer-4\" \n\t\t\t\t\t\t\t\tdata-type=\"image\"\n\t\t\t\t\t\t\t\tdata-rsp_ch=\"on\"\n\t\t\t\t\t\t\t\tdata-xy=\"x:-474px;y:-207px;\"\n\t\t\t\t\t\t\t\tdata-text=\"w:normal;\"\n\t\t\t\t\t\t\t\tdata-dim=\"w:2009px;h:1130px;\"\n\t\t\t\t\t\t\t\tdata-frame_1=\"x:-13px;sp:600;\"\n\t\t\t\t\t\t\t\tdata-frame_999=\"o:0;st:w;sR:8400;\"\n\t\t\t\t\t\t\t\tstyle=\"z-index:8;\"\n\t\t\t\t\t\t\t><img decoding=\"async\" src=\"\/\/plastiducto.com\/wp-content\/plugins\/revslider\/public\/assets\/assets\/dummy.png\" class=\"tp-rs-img rs-lazyload\" width=\"2009\" height=\"1130\" data-lazyload=\"\/\/plastiducto.com\/wp-content\/uploads\/2013\/02\/Slider.jpg\" data-no-retina> \n\t\t\t\t\t\t\t<\/rs-layer><!--\n-->\t\t\t\t\t\t<\/rs-slide>\n\t\t\t\t\t<\/rs-slides>\n\t\t\t\t\t<rs-static-layers><!--\n\t\t\t\t\t--><\/rs-static-layers>\n\t\t\t\t<\/rs-module>\n\t\t\t\t<script type=\"text\/javascript\">\n\t\t\t\t\tsetREVStartSize({c: 'rev_slider_3_1',rl:[1240,1024,778,480],el:[600],gw:[960],gh:[600],type:'standard',justify:'',layout:'fullwidth',mh:\"0\"});if (window.RS_MODULES!==undefined && window.RS_MODULES.modules!==undefined && window.RS_MODULES.modules[\"revslider31\"]!==undefined) {window.RS_MODULES.modules[\"revslider31\"].once = false;window.revapi3 = undefined;window.RS_MODULES.checkMinimal()}\n\t\t\t\t<\/script>\n\t\t\t<\/rs-module-wrap>\n\t\t\t<!-- END REVOLUTION SLIDER -->\n<\/p>\t\t\t\t\t\t\t\t<\/div>\n\t\t\t\t<\/div>\n\t\t\t\t\t<\/div>\n\t\t\t\t<\/div>\n\t\t<div class=\"elementor-element elementor-element-cc93660 e-con-full e-flex e-con e-parent\" data-id=\"cc93660\" data-element_type=\"container\" data-e-type=\"container\">\n\t\t\t\t<div class=\"elementor-element elementor-element-481aa07 elementor-widget elementor-widget-text-editor\" data-id=\"481aa07\" data-element_type=\"widget\" data-e-type=\"widget\" data-widget_type=\"text-editor.default\">\n\t\t\t\t<div class=\"elementor-widget-container\">\n\t\t\t\t\t\t\t\t\t<h4 style=\"color: white;\">Plastiducto S.A. es la primera empresa Uruguaya cuyo Sistema de Gesti\u00f3n de Calidad ha sido certificado bajo la norma ISO 9001 para el dise\u00f1o, fabricaci\u00f3n y comercializaci\u00f3n de tubos, perfiles y accesorios de Polietileno, Polipropileo y PVC.<\/h4>\t\t\t\t\t\t\t\t<\/div>\n\t\t\t\t<\/div>\n\t\t\t\t<\/div>\n\t\t<div class=\"elementor-element elementor-element-352ff63 e-grid e-con-boxed e-con e-parent\" data-id=\"352ff63\" data-element_type=\"container\" data-e-type=\"container\">\n\t\t\t\t\t<div class=\"e-con-inner\">\n\t\t\t\t<div class=\"elementor-element elementor-element-c3b7e68 elementor-widget elementor-widget-image\" data-id=\"c3b7e68\" data-element_type=\"widget\" data-e-type=\"widget\" data-widget_type=\"image.default\">\n\t\t\t\t<div class=\"elementor-widget-container\">\n\t\t\t\t\t\t\t\t\t\t\t\t\t\t\t<img decoding=\"async\" width=\"598\" height=\"349\" src=\"https:\/\/plastiducto.com\/wp-content\/uploads\/2013\/02\/Logos-Certificaciones-chico.png\" class=\"attachment-large size-large wp-image-1742\" alt=\"\" srcset=\"https:\/\/plastiducto.com\/wp-content\/uploads\/2013\/02\/Logos-Certificaciones-chico.png 598w, https:\/\/plastiducto.com\/wp-content\/uploads\/2013\/02\/Logos-Certificaciones-chico-300x175.png 300w, https:\/\/plastiducto.com\/wp-content\/uploads\/2013\/02\/Logos-Certificaciones-chico-280x163.png 280w\" sizes=\"(max-width: 598px) 100vw, 598px\" \/>\t\t\t\t\t\t\t\t\t\t\t\t\t\t\t<\/div>\n\t\t\t\t<\/div>\n\t\t\t\t<div class=\"elementor-element elementor-element-0ae751c hoverBorder elementor-widget elementor-widget-image\" data-id=\"0ae751c\" data-element_type=\"widget\" data-e-type=\"widget\" data-widget_type=\"image.default\">\n\t\t\t\t<div class=\"elementor-widget-container\">\n\t\t\t\t\t\t\t\t\t\t\t\t\t\t\t\t<a href=\"\/categoria-producto\/construccion\/\">\n\t\t\t\t\t\t\t<img decoding=\"async\" src=\"https:\/\/plastiducto.com\/wp-content\/uploads\/elementor\/thumbs\/CONSTRUCCION1-r6e573dmcc2a4toqpx5spthf4a6w67lljptowki774.png\" title=\"CONSTRUCCION\" alt=\"CONSTRUCCION\" loading=\"lazy\" \/>\t\t\t\t\t\t\t\t<\/a>\n\t\t\t\t\t\t\t\t\t\t\t\t\t\t\t<\/div>\n\t\t\t\t<\/div>\n\t\t\t\t<div class=\"elementor-element elementor-element-ffad083 elementor-widget elementor-widget-image\" data-id=\"ffad083\" data-element_type=\"widget\" data-e-type=\"widget\" data-widget_type=\"image.default\">\n\t\t\t\t<div class=\"elementor-widget-container\">\n\t\t\t\t\t\t\t\t\t\t\t\t\t\t\t\t<a href=\"\/categoria-producto\/agro\/\">\n\t\t\t\t\t\t\t<img decoding=\"async\" src=\"https:\/\/plastiducto.com\/wp-content\/uploads\/elementor\/thumbs\/AGRO2-r6e573dmcc2a4toqpx5spthf4a6w67lljptowki774.png\" title=\"AGRO\" alt=\"AGRO\" loading=\"lazy\" \/>\t\t\t\t\t\t\t\t<\/a>\n\t\t\t\t\t\t\t\t\t\t\t\t\t\t\t<\/div>\n\t\t\t\t<\/div>\n\t\t\t\t<div class=\"elementor-element elementor-element-f9d3c75 elementor-widget elementor-widget-image\" data-id=\"f9d3c75\" data-element_type=\"widget\" data-e-type=\"widget\" data-widget_type=\"image.default\">\n\t\t\t\t<div class=\"elementor-widget-container\">\n\t\t\t\t\t\t\t\t\t\t\t\t\t\t\t\t<a href=\"\/categoria-producto\/industria\/\">\n\t\t\t\t\t\t\t<img decoding=\"async\" src=\"https:\/\/plastiducto.com\/wp-content\/uploads\/elementor\/thumbs\/INDUSTRIA1-r6e5759aq04us1m0exz1ut0cb1xmllt27z4nv4feuo.png\" title=\"INDUSTRIA\" alt=\"INDUSTRIA\" loading=\"lazy\" \/>\t\t\t\t\t\t\t\t<\/a>\n\t\t\t\t\t\t\t\t\t\t\t\t\t\t\t<\/div>\n\t\t\t\t<\/div>\n\t\t\t\t<div class=\"elementor-element elementor-element-aab59e0 elementor-widget elementor-widget-image\" data-id=\"aab59e0\" data-element_type=\"widget\" data-e-type=\"widget\" data-widget_type=\"image.default\">\n\t\t\t\t<div class=\"elementor-widget-container\">\n\t\t\t\t\t\t\t\t\t\t\t\t\t\t\t\t<a href=\"\/categoria-producto\/obras-publicas\/\">\n\t\t\t\t\t\t\t<img decoding=\"async\" src=\"https:\/\/plastiducto.com\/wp-content\/uploads\/elementor\/thumbs\/OBRAS-PUBLICAS1-r6e574bgj63kgfndkfkfab8vpo29dwpbvuh6dugt0w.png\" title=\"OBRAS-PUBLICAS\" alt=\"OBRAS-PUBLICAS\" loading=\"lazy\" \/>\t\t\t\t\t\t\t\t<\/a>\n\t\t\t\t\t\t\t\t\t\t\t\t\t\t\t<\/div>\n\t\t\t\t<\/div>\n\t\t\t\t<div class=\"elementor-element elementor-element-c5ada91 elementor-widget elementor-widget-image\" data-id=\"c5ada91\" data-element_type=\"widget\" data-e-type=\"widget\" data-widget_type=\"image.default\">\n\t\t\t\t<div class=\"elementor-widget-container\">\n\t\t\t\t\t\t\t\t\t\t\t\t\t\t\t\t<a href=\"\/exportacion\/\">\n\t\t\t\t\t\t\t<img decoding=\"async\" src=\"https:\/\/plastiducto.com\/wp-content\/uploads\/2013\/02\/EXPORTACION1.png\" title=\"EXPORTACION\" alt=\"EXPORTACION\" loading=\"lazy\" \/>\t\t\t\t\t\t\t\t<\/a>\n\t\t\t\t\t\t\t\t\t\t\t\t\t\t\t<\/div>\n\t\t\t\t<\/div>\n\t\t\t\t\t<\/div>\n\t\t\t\t<\/div>\n\t\t<div class=\"elementor-element elementor-element-f68e2ce e-flex e-con-boxed e-con e-parent\" data-id=\"f68e2ce\" data-element_type=\"container\" data-e-type=\"container\">\n\t\t\t\t\t<div class=\"e-con-inner\">\n\t\t\t\t<div class=\"elementor-element elementor-element-bf0e733 elementor-widget elementor-widget-text-editor\" data-id=\"bf0e733\" data-element_type=\"widget\" data-e-type=\"widget\" data-widget_type=\"text-editor.default\">\n\t\t\t\t<div class=\"elementor-widget-container\">\n\t\t\t\t\t\t\t\t\t<h1 style=\"color: white;\">POL\u00cdTICA DE\u00a0<strong>CALIDAD<\/strong><\/h1><p>Es compromiso de PLASTIDUCTO S.A., asegurar a sus clientes que los productos y servicios ofrecidos cumplan con la calidad con ellos pactada y otros requisitos aplicables.<\/p><p><a href=\"http:\/\/plastiducto.com\/about-us\/\" target=\"_blank\" rel=\"noopener\">SABER MAS DE NOSOTROS + +<\/a><\/p>\t\t\t\t\t\t\t\t<\/div>\n\t\t\t\t<\/div>\n\t\t\t\t<div class=\"elementor-element elementor-element-4b9859b elementor-widget elementor-widget-text-editor\" data-id=\"4b9859b\" data-element_type=\"widget\" data-e-type=\"widget\" data-widget_type=\"text-editor.default\">\n\t\t\t\t<div class=\"elementor-widget-container\">\n\t\t\t\t\t\t\t\t\t<p>\u00a0<\/p><div class=\"icon\"><img decoding=\"async\" class=\"aligncenter\" src=\"\/wp-content\/uploads\/2013\/02\/mejora.png\" alt=\"\" \/><\/div><p>\u00a0<\/p><h3 style=\"color: white; text-align: center;\">Mejora continua<\/h3><p style=\"text-align: center;\">Nuestro sistema de gestio\u0301n de calidad, incluyendo proveedores, tecnologi\u0301a y recursos humanos, estara\u0301 siempre comprometido con la mejora continua.<\/p>\t\t\t\t\t\t\t\t<\/div>\n\t\t\t\t<\/div>\n\t\t\t\t<div class=\"elementor-element elementor-element-acf26f0 elementor-widget elementor-widget-text-editor\" data-id=\"acf26f0\" data-element_type=\"widget\" data-e-type=\"widget\" data-widget_type=\"text-editor.default\">\n\t\t\t\t<div class=\"elementor-widget-container\">\n\t\t\t\t\t\t\t\t\t<br\/>\n<div class=\"icon\"><img decoding=\"async\" class=\"aligncenter\" src=\"\/wp-content\/uploads\/2013\/02\/capacitacion.png\" alt=\"\" \/><\/div>\n<br\/>\n<h3 style=\"color: white; text-align: center;\">Capacitaci\u00f3n<\/h3>\n<p style=\"text-align: center;\">Para ello, priorizaremos la capacitacio\u0301n profesional, el involucramiento y satisfaccio\u0301n personal de todos y cada uno de los integrantes de la empresa.<\/p>\t\t\t\t\t\t\t\t<\/div>\n\t\t\t\t<\/div>\n\t\t\t\t<div class=\"elementor-element elementor-element-062c531 elementor-widget elementor-widget-text-editor\" data-id=\"062c531\" data-element_type=\"widget\" data-e-type=\"widget\" data-widget_type=\"text-editor.default\">\n\t\t\t\t<div class=\"elementor-widget-container\">\n\t\t\t\t\t\t\t\t\t<br\/>\n<div class=\"icon\"><img decoding=\"async\" class=\"aligncenter\" src=\"\/wp-content\/uploads\/2013\/02\/caritas.png\" alt=\"\" \/><\/div>\n<br\/>\n<h3 style=\"color: white; text-align: center;\">Responsabilidad social<\/h3>\n<p style=\"text-align: center;\">De esta manera, contribuiremos al desarrollo de la sociedad, siendo adema\u0301s ejemplo de valores e\u0301ticos y respeto por el medio ambiente.<\/p>\t\t\t\t\t\t\t\t<\/div>\n\t\t\t\t<\/div>\n\t\t\t\t\t<\/div>\n\t\t\t\t<\/div>\n\t\t\t\t<\/div>\n\t\t","protected":false},"excerpt":{"rendered":"<p>\n\t\t\t<!-- START principal REVOLUTION SLIDER 6.5.5 --><p class=\"rs-p-wp-fix\"><\/p>\n\t\t\t<rs-module-wrap id=\"rev_slider_3_2_wrapper\" data-source=\"gallery\" data-aimg=\"\"  style=\"visibility:hidden;background:#E9E9E9;padding:0;margin:0px auto;margin-top:0;margin-bottom:0;\">\n\t\t\t\t<rs-module id=\"rev_slider_3_2\" style=\"\" data-version=\"6.5.5\">\n\t\t\t\t\t<rs-slides>\n\t\t\t\t\t\t<rs-slide style=\"position: absolute;\" data-key=\"rs-9\" data-title=\"Slide\" data-thumb=\"\/\/plastiducto.com\/wp-content\/uploads\/2013\/02\/Planta-100x50.jpg\" data-anim=\"ms:300;\" data-in=\"x:100%;\">\n\t\t\t\t\t\t\t<img decoding=\"async\" src=\"\/\/plastiducto.com\/wp-content\/plugins\/revslider\/public\/assets\/assets\/dummy.png\" title=\"Homepage 6\" class=\"rev-slidebg tp-rs-img rs-lazyload\" data-lazyload=\"\/\/plastiducto.com\/wp-content\/uploads\/2013\/02\/Planta.jpg\" data-no-retina>\n<!---->\t\t\t\t\t\t<\/rs-slide>\n\t\t\t\t\t\t<rs-slide style=\"position: absolute;\" data-key=\"rs-6\" data-title=\"Slide\" data-thumb=\"\/\/plastiducto.com\/wp-content\/uploads\/2015\/06\/Tubo-para-Draga-Villa-Soriano-5-100x50.png\" data-anim=\"ms:300;\" data-in=\"x:100%;\">\n\t\t\t\t\t\t\t<img decoding=\"async\" src=\"\/\/plastiducto.com\/wp-content\/plugins\/revslider\/public\/assets\/assets\/dummy.png\" title=\"Homepage 6\" class=\"rev-slidebg tp-rs-img rs-lazyload\" data-lazyload=\"\/\/plastiducto.com\/wp-content\/uploads\/2015\/06\/Tubo-para-Draga-Villa-Soriano-5.png\" data-bg=\"p:center top;\" data-no-retina>\n<!---->\t\t\t\t\t\t<\/rs-slide>\n\t\t\t\t\t\t<rs-slide style=\"position: absolute;\" data-key=\"rs-11\" data-title=\"Slide\" data-thumb=\"\/\/plastiducto.com\/wp-content\/uploads\/2013\/02\/Slider.jpg\" data-anim=\"ms:630;\" data-in=\"o:0;x:100%;\" data-out=\"a:false;\">\n\t\t\t\t\t\t\t<img fetchpriority=\"high\" decoding=\"async\" src=\"\/\/plastiducto.com\/wp-content\/plugins\/revslider\/public\/assets\/assets\/dummy.png\" alt=\"Slide\" width=\"2009\" height=\"1130\" class=\"rev-slidebg tp-rs-img rs-lazyload\" data-lazyload=\"\/\/plastiducto.com\/wp-content\/plugins\/revslider\/public\/assets\/assets\/transparent.png\" data-bg=\"p:center top;\" data-no-retina>\n<!--\n\t\t\t\t\t\t\t--><a\n\t\t\t\t\t\t\t\tid=\"slider-3-slide-11-layer-0\" \n\t\t\t\t\t\t\t\tclass=\"rs-layer\"\n\t\t\t\t\t\t\t\thref=\"\/producto\/pe-linea-2000-2\/\" target=\"_self\"\n\t\t\t\t\t\t\t\tdata-type=\"text\"\n\t\t\t\t\t\t\t\tdata-color=\"#ffffff\"\n\t\t\t\t\t\t\t\tdata-rsp_ch=\"on\"\n\t\t\t\t\t\t\t\tdata-xy=\"x:c;y:b;yo:40px;\"\n\t\t\t\t\t\t\t\tdata-text=\"w:normal;s:37;l:46;\"\n\t\t\t\t\t\t\t\tdata-padding=\"t:10;r:10;b:10;l:10;\"\n\t\t\t\t\t\t\t\tdata-border=\"bos:solid;boc:#f48000;bow:0,0,0,5px;\"\n\t\t\t\t\t\t\t\tdata-frame_1=\"st:320;sR:320;\"\n\t\t\t\t\t\t\t\tdata-frame_999=\"o:0;st:8900;sR:8280;\"\n\t\t\t\t\t\t\t\tstyle=\"z-index:9;background-color:#000000;font-family:'Roboto';\"\n\t\t\t\t\t\t\t>Nueva L\u00ednea de Producci\u00f3n 1000mm \n\t\t\t\t\t\t\t<\/a><!--\n\n\t\t\t\t\t\t\t--><a\n\t\t\t\t\t\t\t\tid=\"slider-3-slide-11-layer-3\" \n\t\t\t\t\t\t\t\tclass=\"rs-layer rev-btn\"\n\t\t\t\t\t\t\t\thref=\"\/producto\/pe-linea-2000-2\/\" target=\"_self\"\n\t\t\t\t\t\t\t\tdata-type=\"button\"\n\t\t\t\t\t\t\t\tdata-color=\"#ffffff\"\n\t\t\t\t\t\t\t\tdata-rsp_ch=\"on\"\n\t\t\t\t\t\t\t\tdata-xy=\"x:658px;y:511px;\"\n\t\t\t\t\t\t\t\tdata-text=\"w:normal;s:14;l:17;ls:1;\"\n\t\t\t\t\t\t\t\tdata-dim=\"w:57px;minh:0;\"\n\t\t\t\t\t\t\t\tdata-padding=\"t:10;r:29;b:10;l:29;\"\n\t\t\t\t\t\t\t\tdata-frame_1=\"x:131px;y:-1px;st:310;sR:310;\"\n\t\t\t\t\t\t\t\tdata-frame_999=\"o:0;st:8900;sR:8290;\"\n\t\t\t\t\t\t\t\tdata-frame_hover=\"c:#000;bgc:#fff;bor:0px,0px,0px,0px;sp:200;\"\n\t\t\t\t\t\t\t\tstyle=\"z-index:10;background-color:#f48000;font-family:'Roboto';text-transform:uppercase;\"\n\t\t\t\t\t\t\t><i class=\"fa-chevron-right\"><\/i> \n\t\t\t\t\t\t\t<\/a><!--\n\n\t\t\t\t\t\t\t--><rs-layer\n\t\t\t\t\t\t\t\tid=\"slider-3-slide-11-layer-4\" \n\t\t\t\t\t\t\t\tdata-type=\"image\"\n\t\t\t\t\t\t\t\tdata-rsp_ch=\"on\"\n\t\t\t\t\t\t\t\tdata-xy=\"x:-474px;y:-207px;\"\n\t\t\t\t\t\t\t\tdata-text=\"w:normal;\"\n\t\t\t\t\t\t\t\tdata-dim=\"w:2009px;h:1130px;\"\n\t\t\t\t\t\t\t\tdata-frame_1=\"x:-13px;sp:600;\"\n\t\t\t\t\t\t\t\tdata-frame_999=\"o:0;st:w;sR:8400;\"\n\t\t\t\t\t\t\t\tstyle=\"z-index:8;\"\n\t\t\t\t\t\t\t><img decoding=\"async\" src=\"\/\/plastiducto.com\/wp-content\/plugins\/revslider\/public\/assets\/assets\/dummy.png\" class=\"tp-rs-img rs-lazyload\" width=\"2009\" height=\"1130\" data-lazyload=\"\/\/plastiducto.com\/wp-content\/uploads\/2013\/02\/Slider.jpg\" data-no-retina> \n\t\t\t\t\t\t\t<\/rs-layer><!--\n-->\t\t\t\t\t\t<\/rs-slide>\n\t\t\t\t\t<\/rs-slides>\n\t\t\t\t\t<rs-static-layers><!--\n\t\t\t\t\t--><\/rs-static-layers>\n\t\t\t\t<\/rs-module>\n\t\t\t\t<script type=\"text\/javascript\">\n\t\t\t\t\tsetREVStartSize({c: 'rev_slider_3_2',rl:[1240,1024,778,480],el:[600],gw:[960],gh:[600],type:'standard',justify:'',layout:'fullwidth',mh:\"0\"});if (window.RS_MODULES!==undefined && window.RS_MODULES.modules!==undefined && window.RS_MODULES.modules[\"revslider32\"]!==undefined) {window.RS_MODULES.modules[\"revslider32\"].once = false;window.revapi3_2 = undefined;window.RS_MODULES.checkMinimal()}\n\t\t\t\t<\/script>\n\t\t\t<\/rs-module-wrap>\n\t\t\t<!-- END REVOLUTION SLIDER -->\nPlastiducto S.A. es la primera empresa Uruguaya cuyo Sistema de Gesti\u00f3n de Calidad ha sido certificado bajo la norma ISO 9001 para el dise\u00f1o, fabricaci\u00f3n y comercializaci\u00f3n de tubos, perfiles y accesorios de Polietileno, Polipropileo y PVC. POL\u00cdTICA DE\u00a0CALIDADEs compromiso de PLASTIDUCTO S.A., asegurar a sus clientes que los productos y servicios ofrecidos cumplan [&hellip;]<\/p>\n","protected":false},"author":2,"featured_media":0,"parent":0,"menu_order":0,"comment_status":"open","ping_status":"open","template":"","meta":{"_et_pb_use_builder":"on","_et_pb_old_content":"","_et_gb_content_width":"","footnotes":""},"class_list":["post-301","page","type-page","status-publish","hentry"],"_links":{"self":[{"href":"https:\/\/plastiducto.com\/en\/wp-json\/wp\/v2\/pages\/301","targetHints":{"allow":["GET"]}}],"collection":[{"href":"https:\/\/plastiducto.com\/en\/wp-json\/wp\/v2\/pages"}],"about":[{"href":"https:\/\/plastiducto.com\/en\/wp-json\/wp\/v2\/types\/page"}],"author":[{"embeddable":true,"href":"https:\/\/plastiducto.com\/en\/wp-json\/wp\/v2\/users\/2"}],"replies":[{"embeddable":true,"href":"https:\/\/plastiducto.com\/en\/wp-json\/wp\/v2\/comments?post=301"}],"version-history":[{"count":104,"href":"https:\/\/plastiducto.com\/en\/wp-json\/wp\/v2\/pages\/301\/revisions"}],"predecessor-version":[{"id":2591,"href":"https:\/\/plastiducto.com\/en\/wp-json\/wp\/v2\/pages\/301\/revisions\/2591"}],"wp:attachment":[{"href":"https:\/\/plastiducto.com\/en\/wp-json\/wp\/v2\/media?parent=301"}],"curies":[{"name":"wp","href":"https:\/\/api.w.org\/{rel}","templated":true}]}}