{"id":1580,"date":"2014-11-13T14:13:12","date_gmt":"2014-11-13T14:13:12","guid":{"rendered":"http:\/\/plastiducto.com\/?post_type=product&#038;p=1580"},"modified":"2025-11-19T11:02:34","modified_gmt":"2025-11-19T14:02:34","slug":"polietileno-3-lineas-2","status":"publish","type":"product","link":"https:\/\/plastiducto.com\/en\/product\/polietileno-3-lineas-2\/","title":{"rendered":"Polyethylene 3 stripes"},"content":{"rendered":"<p class=\"std\"><a href=\"https:\/\/plastiducto.com\/wp-content\/uploads\/2014\/12\/LOGO-POLIETILENO-3-L.jpg\"><img decoding=\"async\" class=\"alignnone wp-image-1685\" src=\"https:\/\/plastiducto.com\/wp-content\/uploads\/2014\/12\/LOGO-POLIETILENO-3-L-300x87.jpg\" alt=\"LOGO POLIETILENO 3 L\" width=\"210\" height=\"61\" srcset=\"https:\/\/plastiducto.com\/wp-content\/uploads\/2014\/12\/LOGO-POLIETILENO-3-L-300x87.jpg 300w, https:\/\/plastiducto.com\/wp-content\/uploads\/2014\/12\/LOGO-POLIETILENO-3-L-280x81.jpg 280w, https:\/\/plastiducto.com\/wp-content\/uploads\/2014\/12\/LOGO-POLIETILENO-3-L.jpg 612w\" sizes=\"(max-width: 210px) 100vw, 210px\" \/><\/a><\/p>\n<div class=\"wp-block-button\"><a class=\"wp-block-button__link wp-element-button\" href=\"https:\/\/plastiducto.com\/wp-content\/uploads\/2014\/11\/PEBD1.pdf\" target=\"_blank\" rel=\"noreferrer noopener\">Download PDF Brochure<\/a><\/div>\n<p>&nbsp;<\/p>\n<p class=\"std translation-block\"><b>Plastiducto S.A.<\/b> is the first company in Uruguay with more than 50 years of experience in producing low density polyethylene pipes (LDPE). Our products are distinguished by 3 parallel stripes, they are manufactured with the best raw materials and differentiated from others for their excellent quality.<\/p>\n<p class=\"std translation-block\">These pipes are extensively used in agriculture and water distrubution nets.\n\nEach use has its own type of pipe recognizable for the colour of the <b>3 stripes<\/b>:<\/p>\n<p class=\"std translation-block\"><b>3 yellow stripes<\/b> \u2013 for general purposes, named LDPE \u201c3 STRIPES\u201d<br>\n\n<b>3 green stripes<\/b> for agriculture, named \u201cAGRODUCTO\u201d<\/p>\n<p class=\"std\"><span style=\"font-family: Arial; font-size: large;\">Main characteristics<\/span><\/p>\n<ul>\n<li>\n<p class=\"std translation-block\">Manufactured with low density polyethylene (LDPE) virgin.<\/p>\n<\/li>\n<li>\n<p class=\"std\">Inch series.<\/p>\n<\/li>\n<li>\n<p class=\"std translation-block\">Operating temperature up to <b>40\u00ba C<\/b>.<\/p>\n<\/li>\n<li>\n<p class=\"std\"><b>High flexibility.<\/b>.<\/p>\n<\/li>\n<li>\n<p class=\"std translation-block\">Supplied in coils up to <b>200 meters<\/b>.<\/p>\n<\/li>\n<li>\n<p class=\"std\">Additivated with carbon black to protect it from UV rays.<\/p>\n<\/li>\n<li>\n<p class=\"std translation-block\"><b>Resists flattening<\/b> 100%.<\/p>\n<\/li>\n<li>\n<p class=\"std\">Joint system through spigot fittings.<\/p>\n<\/li>\n<\/ul>\n<p>&nbsp;<\/p>","protected":false},"excerpt":{"rendered":"<p>Descargar folleto PDF &nbsp; Plastiducto S.A. es la primera empresa con m\u00e1s de 50 a\u00f1os de experiencia, fabricante de tubos de Polietileno de Baja Densidad (PEBD). Su marca de f\u00e1brica se distingue claramente por las cl\u00e1sicas 3 LINEAS paralelas ubicadas longitudinalmente en los tubos. Los tubos 3 LINEAS son fabricados con las mejores materias primas [&hellip;]<\/p>\n","protected":false},"featured_media":1725,"template":"","meta":{"_et_pb_use_builder":"","_et_pb_old_content":"","_et_gb_content_width":""},"product_brand":[],"product_cat":[30,29,24],"product_tag":[],"class_list":{"0":"post-1580","1":"product","2":"type-product","3":"status-publish","4":"has-post-thumbnail","6":"product_cat-agro","7":"product_cat-industria","8":"product_cat-tubos-y-accesorios","10":"first","11":"instock","12":"taxable","13":"shipping-taxable","14":"product-type-simple"},"_links":{"self":[{"href":"https:\/\/plastiducto.com\/en\/wp-json\/wp\/v2\/product\/1580","targetHints":{"allow":["GET"]}}],"collection":[{"href":"https:\/\/plastiducto.com\/en\/wp-json\/wp\/v2\/product"}],"about":[{"href":"https:\/\/plastiducto.com\/en\/wp-json\/wp\/v2\/types\/product"}],"wp:featuredmedia":[{"embeddable":true,"href":"https:\/\/plastiducto.com\/en\/wp-json\/wp\/v2\/media\/1725"}],"wp:attachment":[{"href":"https:\/\/plastiducto.com\/en\/wp-json\/wp\/v2\/media?parent=1580"}],"wp:term":[{"taxonomy":"product_brand","embeddable":true,"href":"https:\/\/plastiducto.com\/en\/wp-json\/wp\/v2\/product_brand?post=1580"},{"taxonomy":"product_cat","embeddable":true,"href":"https:\/\/plastiducto.com\/en\/wp-json\/wp\/v2\/product_cat?post=1580"},{"taxonomy":"product_tag","embeddable":true,"href":"https:\/\/plastiducto.com\/en\/wp-json\/wp\/v2\/product_tag?post=1580"}],"curies":[{"name":"wp","href":"https:\/\/api.w.org\/{rel}","templated":true}]}}