{"id":1588,"date":"2014-11-13T14:58:56","date_gmt":"2014-11-13T14:58:56","guid":{"rendered":"http:\/\/plastiducto.com\/?post_type=product&#038;p=1588"},"modified":"2025-11-19T11:43:48","modified_gmt":"2025-11-19T14:43:48","slug":"pe-linea-2000-2","status":"publish","type":"product","link":"https:\/\/plastiducto.com\/en\/product\/pe-linea-2000-2\/","title":{"rendered":"PE Line 2000"},"content":{"rendered":"<p><img decoding=\"async\" class=\"alignleft wp-image-1683\" src=\"https:\/\/plastiducto.com\/wp-content\/uploads\/2014\/12\/LOGO-PE-2000-300x39.jpg\" alt=\"LOGO PE 2000\" width=\"246\" height=\"32\" srcset=\"https:\/\/plastiducto.com\/wp-content\/uploads\/2014\/12\/LOGO-PE-2000-300x39.jpg 300w, https:\/\/plastiducto.com\/wp-content\/uploads\/2014\/12\/LOGO-PE-2000-280x36.jpg 280w, https:\/\/plastiducto.com\/wp-content\/uploads\/2014\/12\/LOGO-PE-2000.jpg 691w\" sizes=\"(max-width: 246px) 100vw, 246px\" \/><\/p>\n<p>&nbsp;<\/p>\n<div class=\"wp-block-button\"><a class=\"wp-block-button__link wp-element-button\" href=\"https:\/\/plastiducto.com\/wp-content\/uploads\/2014\/11\/Polietileno.pdf\" target=\"_blank\" rel=\"noreferrer noopener\">Download PDF Brochure<\/a><\/div>\n<p>&nbsp;<\/p>\n<div><\/div>\n<p class=\"std\">Polyethylene is a polymer obtained from the polymerization of ethane in the presence of catalysts under specific conditions of pressure and temperature. Depending on the properties of the polymerization process different types of polyethylene are obtained which are used for the extrusion of pipes.<\/p>\n<p class=\"std translation-block\">Thanks to technical developments, the materials obtained from this process have improved their characteristics; such as PE80 and PE100 which are named as 2nd and 3rd generation PE.<\/p>\n<p class=\"std\"><span style=\"font-family: Arial; font-size: large;\">Main applications<\/span><\/p>\n<ul>\n<li>\n<p class=\"std\">Water distribution (transport of drinkable water)<\/p>\n<\/li>\n<li>\n<p class=\"std\">Sewer systems, drains, industrial fluid discharge and buried drainpipes<\/p>\n<\/li>\n<li>\n<p class=\"std\">Pipelines and underwater pipelines<\/p>\n<\/li>\n<li>\n<p class=\"std\">Irrigation and drainage<\/p>\n<\/li>\n<li>\n<p class=\"std\">Protection of cables, electrical and phone wires, and optical fibers.<\/p>\n<\/li>\n<li>\n<p class=\"std\">Gas distribution<\/p>\n<\/li>\n<li>\n<p class=\"std\">Relining (new piping, restoration of damaged pipelines)<\/p>\n<\/li>\n<li>\n<p class=\"std\">Transportation of suspended solids<\/p>\n<\/li>\n<\/ul>","protected":false},"excerpt":{"rendered":"<p>&nbsp; Descargar folleto PDF &nbsp; El Polietileno es un pol\u00edmero obtenido por la polimerizaci\u00f3n de eteno, en presencia de catalizadores y en determinadas condiciones de presi\u00f3n y temperatura. En funci\u00f3n de las caracter\u00edsticas del proceso de polimerizaci\u00f3n, se obtienen los diferentes tipos de Polietilenos utilizados para la extrusi\u00f3n de tubos. Los sucesivos desarrollos en las [&hellip;]<\/p>\n","protected":false},"featured_media":1723,"template":"","meta":{"_et_pb_use_builder":"","_et_pb_old_content":"","_et_gb_content_width":""},"product_brand":[],"product_cat":[31,29,32,24],"product_tag":[],"class_list":{"0":"post-1588","1":"product","2":"type-product","3":"status-publish","4":"has-post-thumbnail","6":"product_cat-construccion","7":"product_cat-industria","8":"product_cat-obras-publicas","9":"product_cat-tubos-y-accesorios","11":"first","12":"instock","13":"taxable","14":"shipping-taxable","15":"product-type-simple"},"_links":{"self":[{"href":"https:\/\/plastiducto.com\/en\/wp-json\/wp\/v2\/product\/1588","targetHints":{"allow":["GET"]}}],"collection":[{"href":"https:\/\/plastiducto.com\/en\/wp-json\/wp\/v2\/product"}],"about":[{"href":"https:\/\/plastiducto.com\/en\/wp-json\/wp\/v2\/types\/product"}],"wp:featuredmedia":[{"embeddable":true,"href":"https:\/\/plastiducto.com\/en\/wp-json\/wp\/v2\/media\/1723"}],"wp:attachment":[{"href":"https:\/\/plastiducto.com\/en\/wp-json\/wp\/v2\/media?parent=1588"}],"wp:term":[{"taxonomy":"product_brand","embeddable":true,"href":"https:\/\/plastiducto.com\/en\/wp-json\/wp\/v2\/product_brand?post=1588"},{"taxonomy":"product_cat","embeddable":true,"href":"https:\/\/plastiducto.com\/en\/wp-json\/wp\/v2\/product_cat?post=1588"},{"taxonomy":"product_tag","embeddable":true,"href":"https:\/\/plastiducto.com\/en\/wp-json\/wp\/v2\/product_tag?post=1588"}],"curies":[{"name":"wp","href":"https:\/\/api.w.org\/{rel}","templated":true}]}}