{"id":1593,"date":"2014-11-13T15:13:52","date_gmt":"2014-11-13T15:13:52","guid":{"rendered":"http:\/\/plastiducto.com\/?post_type=product&#038;p=1593"},"modified":"2025-11-19T11:21:17","modified_gmt":"2025-11-19T14:21:17","slug":"polipropileno-3-lineas","status":"publish","type":"product","link":"https:\/\/plastiducto.com\/en\/product\/polipropileno-3-lineas\/","title":{"rendered":"Polypropylene 3 stripes"},"content":{"rendered":"<p class=\"std\"><a href=\"https:\/\/plastiducto.com\/wp-content\/uploads\/2014\/12\/LOGO-POLIPROPILENO-3-L.jpg\"><img decoding=\"async\" class=\"alignnone wp-image-1686\" src=\"https:\/\/plastiducto.com\/wp-content\/uploads\/2014\/12\/LOGO-POLIPROPILENO-3-L-300x75.jpg\" alt=\"LOGO POLIPROPILENO 3 L\" width=\"236\" height=\"59\" srcset=\"https:\/\/plastiducto.com\/wp-content\/uploads\/2014\/12\/LOGO-POLIPROPILENO-3-L-300x75.jpg 300w, https:\/\/plastiducto.com\/wp-content\/uploads\/2014\/12\/LOGO-POLIPROPILENO-3-L-280x70.jpg 280w, https:\/\/plastiducto.com\/wp-content\/uploads\/2014\/12\/LOGO-POLIPROPILENO-3-L.jpg 696w\" sizes=\"(max-width: 236px) 100vw, 236px\" \/><\/a><\/p>\n<div class=\"wp-block-button\"><a class=\"wp-block-button__link wp-element-button\" href=\"https:\/\/plastiducto.com\/wp-content\/uploads\/2014\/11\/Tubo_PP.pdf\" target=\"_blank\" rel=\"noreferrer noopener\">Download PDF Brochure<\/a><\/div>\n<p>&nbsp;<\/p>\n<p class=\"std\">Polypropylene is a polymer derived from the polymerization of propane in the presence of catalysts under precise conditions of pressure and temperature.<\/p>\n<p class=\"std\">Polypropylene is part of the group of thermoplastic materials, and consequently can be melted at a specific temperature, allowing the material to be shaped and cooled later to obtain the required product.<\/p>\n<p class=\"std translation-block\"><b>3 STRIPES PPH THREADED PIPES<\/b> are manufactured following a special formula, developed by our company, which provides the product with a <b>better resistance to high temperatures and impacts<\/b>.<\/p>","protected":false},"excerpt":{"rendered":"<p>Descargar folleto PDF &nbsp; El Polipropileno es un pol\u00edmero obtenido por la polimerizaci\u00f3n de propeno, en presencia de catalizadores y en determinadas condiciones de presi\u00f3n y temperatura. El Polipropileno integra el grupo de los materiales termopl\u00e1sticos y por lo tanto posee la capacidad de fundirse a una temperatura determinada, pudiendo ser moldeado y enfriado posteriormente [&hellip;]<\/p>\n","protected":false},"featured_media":1722,"template":"","meta":{"_et_pb_use_builder":"","_et_pb_old_content":"","_et_gb_content_width":""},"product_brand":[],"product_cat":[31,29,24],"product_tag":[],"class_list":{"0":"post-1593","1":"product","2":"type-product","3":"status-publish","4":"has-post-thumbnail","6":"product_cat-construccion","7":"product_cat-industria","8":"product_cat-tubos-y-accesorios","10":"first","11":"instock","12":"taxable","13":"shipping-taxable","14":"product-type-simple"},"_links":{"self":[{"href":"https:\/\/plastiducto.com\/en\/wp-json\/wp\/v2\/product\/1593","targetHints":{"allow":["GET"]}}],"collection":[{"href":"https:\/\/plastiducto.com\/en\/wp-json\/wp\/v2\/product"}],"about":[{"href":"https:\/\/plastiducto.com\/en\/wp-json\/wp\/v2\/types\/product"}],"wp:featuredmedia":[{"embeddable":true,"href":"https:\/\/plastiducto.com\/en\/wp-json\/wp\/v2\/media\/1722"}],"wp:attachment":[{"href":"https:\/\/plastiducto.com\/en\/wp-json\/wp\/v2\/media?parent=1593"}],"wp:term":[{"taxonomy":"product_brand","embeddable":true,"href":"https:\/\/plastiducto.com\/en\/wp-json\/wp\/v2\/product_brand?post=1593"},{"taxonomy":"product_cat","embeddable":true,"href":"https:\/\/plastiducto.com\/en\/wp-json\/wp\/v2\/product_cat?post=1593"},{"taxonomy":"product_tag","embeddable":true,"href":"https:\/\/plastiducto.com\/en\/wp-json\/wp\/v2\/product_tag?post=1593"}],"curies":[{"name":"wp","href":"https:\/\/api.w.org\/{rel}","templated":true}]}}