{"id":1609,"date":"2014-12-01T17:51:49","date_gmt":"2014-12-01T17:51:49","guid":{"rendered":"http:\/\/plastiducto.com\/?post_type=product&#038;p=1609"},"modified":"2025-12-01T12:22:07","modified_gmt":"2025-12-01T15:22:07","slug":"plastifusion","status":"publish","type":"product","link":"https:\/\/plastiducto.com\/en\/product\/plastifusion\/","title":{"rendered":"Plastifusi\u00f3n"},"content":{"rendered":"<p>&nbsp;<\/p>\n<p><img decoding=\"async\" class=\"alignnone wp-image-1684\" src=\"https:\/\/plastiducto.com\/wp-content\/uploads\/2014\/12\/LOGO-PLASTIFUSION-300x92.jpg\" alt=\"LOGO PLASTIFUSION\" width=\"124\" height=\"38\" srcset=\"https:\/\/plastiducto.com\/wp-content\/uploads\/2014\/12\/LOGO-PLASTIFUSION-300x92.jpg 300w, https:\/\/plastiducto.com\/wp-content\/uploads\/2014\/12\/LOGO-PLASTIFUSION-280x86.jpg 280w, https:\/\/plastiducto.com\/wp-content\/uploads\/2014\/12\/LOGO-PLASTIFUSION.jpg 718w\" sizes=\"(max-width: 124px) 100vw, 124px\" \/><\/p>\n<p>&nbsp;<\/p>\n<div class=\"wp-block-button\"><a class=\"wp-block-button__link wp-element-button\" href=\"https:\/\/plastiducto.com\/wp-content\/uploads\/2014\/12\/Plastifusion-verde.pdf\" target=\"_blank\" rel=\"noreferrer noopener\">Download PDF Brochure<\/a><\/div>\n<p>&nbsp;<\/p>\n<p class=\"translation-block\"><b>Plastifusion<\/b> system was designed to satisfy the requirements of water distribution facilities and other pressurized fluids even in the presence of temperature.<\/p>\n<p class=\"translation-block\">Both pipes and accessories are manufactured using <b>Random Polypropylene Type 3<\/b> of suitable characteristics for the planned service and under recognized international standards.<\/p>\n<p class=\"translation-block\">Manufactured in accordance with <b>UNIT ISO 15874<\/b> in sizes from 20mm to 110mm, Plastifusion system is the ideal solution for a wide variety of applications.<\/p>\n<p>&nbsp;<\/p>\n<p class=\"std\"><span style=\"font-family: Arial; font-size: large;\">Main features:<\/span><\/p>\n<ul>\n<li>\n<p class=\"std translation-block\"><b>Hydrosanitary facilities at pressure<\/b> and temperature.<\/p>\n<\/li>\n<li>\n<p class=\"std\"><b><b>Reduced installation time.<\/b><\/b>.<\/p>\n<\/li>\n<li>\n<p class=\"std translation-block\"><b>Complete system<\/b> of tubes and accessories.<\/p>\n<\/li>\n<li>\n<p class=\"std translation-block\"><b>Metal inserts<\/b> in the accessories.<\/p>\n<\/li>\n<li>\n<p class=\"std translation-block\"><b>Total security<\/b> in the unions.<\/p>\n<\/li>\n<li>\n<p class=\"std\">Millimeter series.<\/p>\n<\/li>\n<li>\n<p class=\"std\"><b><b>Acoustic isolation.<\/b><\/b>.<\/p>\n<\/li>\n<li>\n<p class=\"std\"><b><b>Low thermal conductivity<\/b><\/b>.<\/p>\n<\/li>\n<\/ul>\n<p><a class=\"wp-block-button__link wp-element-button\" href=\"https:\/\/plastiducto.com\/wp-content\/uploads\/2014\/12\/Plastifusion-verde.pdf\" target=\"_blank\" rel=\"noreferrer noopener\">Accesories<\/a><\/p>\n<p>&nbsp;<\/p>","protected":false},"excerpt":{"rendered":"<p>&nbsp; &nbsp; Descargar folleto PDF &nbsp; El sistema Plastifusi\u00f3n fue concebido para atender las necesidades de las instalaciones de distribuci\u00f3n de agua u otros fluidos a presi\u00f3n incluso en presencia de temperatura. Tanto los tubos como los accesorios que lo componen son fabricados utilizando Polipropileno Copolimero Random Tipo 3 (PPC R) de caracter\u00edsticas adecuadas para [&hellip;]<\/p>\n","protected":false},"featured_media":1721,"template":"","meta":{"_et_pb_use_builder":"","_et_pb_old_content":"","_et_gb_content_width":""},"product_brand":[],"product_cat":[31,29,24],"product_tag":[],"class_list":{"0":"post-1609","1":"product","2":"type-product","3":"status-publish","4":"has-post-thumbnail","6":"product_cat-construccion","7":"product_cat-industria","8":"product_cat-tubos-y-accesorios","10":"first","11":"instock","12":"taxable","13":"shipping-taxable","14":"product-type-simple"},"_links":{"self":[{"href":"https:\/\/plastiducto.com\/en\/wp-json\/wp\/v2\/product\/1609","targetHints":{"allow":["GET"]}}],"collection":[{"href":"https:\/\/plastiducto.com\/en\/wp-json\/wp\/v2\/product"}],"about":[{"href":"https:\/\/plastiducto.com\/en\/wp-json\/wp\/v2\/types\/product"}],"wp:featuredmedia":[{"embeddable":true,"href":"https:\/\/plastiducto.com\/en\/wp-json\/wp\/v2\/media\/1721"}],"wp:attachment":[{"href":"https:\/\/plastiducto.com\/en\/wp-json\/wp\/v2\/media?parent=1609"}],"wp:term":[{"taxonomy":"product_brand","embeddable":true,"href":"https:\/\/plastiducto.com\/en\/wp-json\/wp\/v2\/product_brand?post=1609"},{"taxonomy":"product_cat","embeddable":true,"href":"https:\/\/plastiducto.com\/en\/wp-json\/wp\/v2\/product_cat?post=1609"},{"taxonomy":"product_tag","embeddable":true,"href":"https:\/\/plastiducto.com\/en\/wp-json\/wp\/v2\/product_tag?post=1609"}],"curies":[{"name":"wp","href":"https:\/\/api.w.org\/{rel}","templated":true}]}}